{"id":70,"date":"2024-11-12T10:22:17","date_gmt":"2024-11-12T09:22:17","guid":{"rendered":"https:\/\/paper-land.it\/?page_id=70"},"modified":"2024-11-13T12:39:21","modified_gmt":"2024-11-13T11:39:21","slug":"prodotti","status":"publish","type":"page","link":"https:\/\/paper-land.it\/?page_id=70","title":{"rendered":"Prodotti"},"content":{"rendered":"\n<div class=\"wp-block-columns alignfull are-vertically-aligned-center is-layout-flex wp-container-core-columns-is-layout-0111f410 wp-block-columns-is-layout-flex\" style=\"padding-right:var(--wp--preset--spacing--50);padding-left:var(--wp--preset--spacing--50)\">\n<div class=\"wp-block-column is-vertically-aligned-center is-layout-flow wp-block-column-is-layout-flow\">\n<figure class=\"wp-block-image aligncenter size-full wp-duotone-unset-1\"><img loading=\"lazy\" decoding=\"async\" width=\"534\" height=\"51\" src=\"https:\/\/paper-land.it\/wp-content\/uploads\/2024\/11\/INostriProdottiFont.png\" alt=\"\" class=\"wp-image-234\" srcset=\"https:\/\/paper-land.it\/wp-content\/uploads\/2024\/11\/INostriProdottiFont.png 534w, https:\/\/paper-land.it\/wp-content\/uploads\/2024\/11\/INostriProdottiFont-300x29.png 300w\" sizes=\"auto, (max-width: 534px) 100vw, 534px\" \/><\/figure>\n<\/div>\n<\/div>\n\n\n\n<div class=\"wp-block-columns alignfull is-layout-flex wp-container-core-columns-is-layout-28f84493 wp-block-columns-is-layout-flex\">\n<div class=\"wp-block-column is-layout-flow wp-block-column-is-layout-flow\">\n<blockquote class=\"wp-block-quote has-text-align-center is-style-plain is-layout-flow wp-block-quote-is-layout-flow is-style-plain--2\" style=\"font-size:clamp(0.984rem, 0.984rem + ((1vw - 0.2rem) * 0.86), 1.5rem);\">\n<p><em>La Paperland \u00e8 oggi un\u2019affermata realt\u00e0 nel settore Ho.re.ca, specializzata nella produzione e personalizzazione di prodotti in carta.<br>Ci\u00f2 \u00e8 stato possibile grazie alla collaborazione con fornitori scelti accuratamente per garantire sempre prodotti di qualit\u00e0.<\/em><\/p>\n<\/blockquote>\n\n\n\n<div class=\"wp-block-columns is-layout-flex wp-container-core-columns-is-layout-fb5da3d8 wp-block-columns-is-layout-flex\" style=\"margin-top:var(--wp--preset--spacing--20);margin-bottom:var(--wp--preset--spacing--20);padding-top:var(--wp--preset--spacing--20);padding-right:var(--wp--preset--spacing--20);padding-bottom:var(--wp--preset--spacing--20);padding-left:var(--wp--preset--spacing--20)\">\n<div class=\"wp-block-column is-layout-flow wp-block-column-is-layout-flow\">\n<div class=\"wp-block-cover aligncenter is-light wp-duotone-unset-3\"><span aria-hidden=\"true\" class=\"wp-block-cover__background has-background-dim-0 has-background-dim\"><\/span><img loading=\"lazy\" decoding=\"async\" width=\"1400\" height=\"1400\" class=\"wp-block-cover__image-background wp-image-31\" alt=\"\" src=\"https:\/\/paper-land.it\/wp-content\/uploads\/2024\/11\/1-copia.jpg\" style=\"object-position:27% 54%\" data-object-fit=\"cover\" data-object-position=\"27% 54%\" srcset=\"https:\/\/paper-land.it\/wp-content\/uploads\/2024\/11\/1-copia.jpg 1400w, https:\/\/paper-land.it\/wp-content\/uploads\/2024\/11\/1-copia-300x300.jpg 300w, https:\/\/paper-land.it\/wp-content\/uploads\/2024\/11\/1-copia-1024x1024.jpg 1024w, https:\/\/paper-land.it\/wp-content\/uploads\/2024\/11\/1-copia-150x150.jpg 150w, https:\/\/paper-land.it\/wp-content\/uploads\/2024\/11\/1-copia-768x768.jpg 768w\" sizes=\"auto, (max-width: 1400px) 100vw, 1400px\" \/><div class=\"wp-block-cover__inner-container is-layout-flow wp-block-cover-is-layout-flow\">\n<p class=\"has-text-align-center has-large-font-size\"><\/p>\n<\/div><\/div>\n\n\n\n<div class=\"wp-block-buttons has-custom-font-size has-large-font-size is-content-justification-center is-layout-flex wp-container-core-buttons-is-layout-a89b3969 wp-block-buttons-is-layout-flex\">\n<div class=\"wp-block-button\"><a class=\"wp-block-button__link has-text-align-center wp-element-button\" href=\"https:\/\/paper-land.it\/?page_id=14\">Tovaglioli<\/a><\/div>\n<\/div>\n<\/div>\n\n\n\n<div class=\"wp-block-column is-layout-flow wp-block-column-is-layout-flow\">\n<div class=\"wp-block-cover aligncenter is-light wp-duotone-unset-4\"><span aria-hidden=\"true\" class=\"wp-block-cover__background has-background-dim-0 has-background-dim\"><\/span><img loading=\"lazy\" decoding=\"async\" width=\"1024\" height=\"683\" class=\"wp-block-cover__image-background wp-image-54\" alt=\"\" src=\"https:\/\/paper-land.it\/wp-content\/uploads\/2024\/11\/25-copia-1024x683.jpg\" style=\"object-position:50% 50%\" data-object-fit=\"cover\" data-object-position=\"50% 50%\" srcset=\"https:\/\/paper-land.it\/wp-content\/uploads\/2024\/11\/25-copia-1024x683.jpg 1024w, https:\/\/paper-land.it\/wp-content\/uploads\/2024\/11\/25-copia-300x200.jpg 300w, https:\/\/paper-land.it\/wp-content\/uploads\/2024\/11\/25-copia-768x512.jpg 768w, https:\/\/paper-land.it\/wp-content\/uploads\/2024\/11\/25-copia-1536x1024.jpg 1536w, https:\/\/paper-land.it\/wp-content\/uploads\/2024\/11\/25-copia-2048x1365.jpg 2048w\" sizes=\"auto, (max-width: 1024px) 100vw, 1024px\" \/><div class=\"wp-block-cover__inner-container is-layout-flow wp-block-cover-is-layout-flow\">\n<p class=\"has-text-align-center has-large-font-size\"><\/p>\n<\/div><\/div>\n\n\n\n<div class=\"wp-block-buttons has-custom-font-size has-large-font-size is-content-justification-center is-layout-flex wp-container-core-buttons-is-layout-a89b3969 wp-block-buttons-is-layout-flex\">\n<div class=\"wp-block-button\"><a class=\"wp-block-button__link has-text-align-center wp-element-button\" href=\"https:\/\/paper-land.it\/?page_id=20\">Portaposate<\/a><\/div>\n<\/div>\n<\/div>\n\n\n\n<div class=\"wp-block-column is-layout-flow wp-block-column-is-layout-flow\">\n<div class=\"wp-block-cover aligncenter is-light wp-duotone-unset-5\"><span aria-hidden=\"true\" class=\"wp-block-cover__background has-background-dim-0 has-background-dim\"><\/span><img loading=\"lazy\" decoding=\"async\" width=\"2560\" height=\"1707\" class=\"wp-block-cover__image-background wp-image-53\" alt=\"\" src=\"https:\/\/paper-land.it\/wp-content\/uploads\/2024\/11\/24-copia-scaled.jpg\" data-object-fit=\"cover\" srcset=\"https:\/\/paper-land.it\/wp-content\/uploads\/2024\/11\/24-copia-scaled.jpg 2560w, https:\/\/paper-land.it\/wp-content\/uploads\/2024\/11\/24-copia-300x200.jpg 300w, https:\/\/paper-land.it\/wp-content\/uploads\/2024\/11\/24-copia-1024x683.jpg 1024w, https:\/\/paper-land.it\/wp-content\/uploads\/2024\/11\/24-copia-768x512.jpg 768w, https:\/\/paper-land.it\/wp-content\/uploads\/2024\/11\/24-copia-1536x1024.jpg 1536w, https:\/\/paper-land.it\/wp-content\/uploads\/2024\/11\/24-copia-2048x1365.jpg 2048w\" sizes=\"auto, (max-width: 2560px) 100vw, 2560px\" \/><div class=\"wp-block-cover__inner-container is-layout-flow wp-block-cover-is-layout-flow\">\n<p class=\"has-text-align-center has-large-font-size\"><\/p>\n<\/div><\/div>\n\n\n\n<div class=\"wp-block-buttons has-custom-font-size has-large-font-size is-content-justification-center is-layout-flex wp-container-core-buttons-is-layout-a89b3969 wp-block-buttons-is-layout-flex\">\n<div class=\"wp-block-button\"><a class=\"wp-block-button__link wp-element-button\" href=\"https:\/\/paper-land.it\/?page_id=123\">Tovagliette<\/a><\/div>\n<\/div>\n<\/div>\n<\/div>\n\n\n\n<div class=\"wp-block-columns is-layout-flex wp-container-core-columns-is-layout-9f0cac9c wp-block-columns-is-layout-flex\" style=\"margin-top:var(--wp--preset--spacing--20);margin-bottom:var(--wp--preset--spacing--20);padding-top:var(--wp--preset--spacing--20);padding-right:var(--wp--preset--spacing--20);padding-bottom:var(--wp--preset--spacing--20);padding-left:var(--wp--preset--spacing--20)\">\n<div class=\"wp-block-column is-layout-flow wp-block-column-is-layout-flow\">\n<div class=\"wp-block-cover aligncenter is-light wp-duotone-unset-6\"><span aria-hidden=\"true\" class=\"wp-block-cover__background has-background-dim-0 has-background-dim\"><\/span><img loading=\"lazy\" decoding=\"async\" width=\"1024\" height=\"683\" class=\"wp-block-cover__image-background wp-image-35\" alt=\"\" src=\"https:\/\/paper-land.it\/wp-content\/uploads\/2024\/11\/6-copia-1024x683.jpg\" style=\"object-position:49% 93%\" data-object-fit=\"cover\" data-object-position=\"49% 93%\" srcset=\"https:\/\/paper-land.it\/wp-content\/uploads\/2024\/11\/6-copia-1024x683.jpg 1024w, https:\/\/paper-land.it\/wp-content\/uploads\/2024\/11\/6-copia-300x200.jpg 300w, https:\/\/paper-land.it\/wp-content\/uploads\/2024\/11\/6-copia-768x512.jpg 768w, https:\/\/paper-land.it\/wp-content\/uploads\/2024\/11\/6-copia-1536x1024.jpg 1536w, https:\/\/paper-land.it\/wp-content\/uploads\/2024\/11\/6-copia-2048x1365.jpg 2048w\" sizes=\"auto, (max-width: 1024px) 100vw, 1024px\" \/><div class=\"wp-block-cover__inner-container is-layout-flow wp-block-cover-is-layout-flow\">\n<p class=\"has-text-align-center has-large-font-size\"><\/p>\n<\/div><\/div>\n\n\n\n<div class=\"wp-block-buttons has-custom-font-size has-large-font-size is-content-justification-center is-layout-flex wp-container-core-buttons-is-layout-a89b3969 wp-block-buttons-is-layout-flex\">\n<div class=\"wp-block-button\"><a class=\"wp-block-button__link has-text-align-center wp-element-button\" href=\"https:\/\/paper-land.it\/?page_id=18\">Bicchieri<\/a><\/div>\n<\/div>\n<\/div>\n\n\n\n<div class=\"wp-block-column is-layout-flow wp-block-column-is-layout-flow\">\n<div class=\"wp-block-cover aligncenter is-light wp-duotone-unset-7\"><span aria-hidden=\"true\" class=\"wp-block-cover__background has-background-dim-0 has-background-dim\" style=\"background-color:#ede1d5\"><\/span><img loading=\"lazy\" decoding=\"async\" width=\"2560\" height=\"1707\" class=\"wp-block-cover__image-background wp-image-46\" alt=\"\" src=\"https:\/\/paper-land.it\/wp-content\/uploads\/2024\/11\/15-copia-scaled.jpg\" data-object-fit=\"cover\" srcset=\"https:\/\/paper-land.it\/wp-content\/uploads\/2024\/11\/15-copia-scaled.jpg 2560w, https:\/\/paper-land.it\/wp-content\/uploads\/2024\/11\/15-copia-300x200.jpg 300w, https:\/\/paper-land.it\/wp-content\/uploads\/2024\/11\/15-copia-1024x683.jpg 1024w, https:\/\/paper-land.it\/wp-content\/uploads\/2024\/11\/15-copia-768x512.jpg 768w, https:\/\/paper-land.it\/wp-content\/uploads\/2024\/11\/15-copia-1536x1024.jpg 1536w, https:\/\/paper-land.it\/wp-content\/uploads\/2024\/11\/15-copia-2048x1365.jpg 2048w\" sizes=\"auto, (max-width: 2560px) 100vw, 2560px\" \/><div class=\"wp-block-cover__inner-container is-layout-flow wp-block-cover-is-layout-flow\">\n<p class=\"has-text-align-center has-large-font-size\"><\/p>\n<\/div><\/div>\n\n\n\n<div class=\"wp-block-buttons has-custom-font-size has-large-font-size is-content-justification-center is-layout-flex wp-container-core-buttons-is-layout-a89b3969 wp-block-buttons-is-layout-flex\">\n<div class=\"wp-block-button\"><a class=\"wp-block-button__link has-text-align-center wp-element-button\" href=\"https:\/\/paper-land.it\/?page_id=16\">Sacchetti<\/a><\/div>\n<\/div>\n<\/div>\n<\/div>\n\n\n\n<div style=\"height:53px\" aria-hidden=\"true\" class=\"wp-block-spacer\"><\/div>\n<\/div>\n<\/div>\n","protected":false},"excerpt":{"rendered":"<p>La Paperland \u00e8 oggi un\u2019affermata realt\u00e0 nel settore Ho.re.ca, specializzata nella produzione e personalizzazione di prodotti in carta.Ci\u00f2 \u00e8 stato possibile grazie alla collaborazione con fornitori scelti accuratamente per garantire sempre prodotti di qualit\u00e0.<\/p>\n","protected":false},"author":1,"featured_media":0,"parent":0,"menu_order":0,"comment_status":"closed","ping_status":"closed","template":"","meta":{"footnotes":""},"class_list":["post-70","page","type-page","status-publish","hentry"],"_links":{"self":[{"href":"https:\/\/paper-land.it\/index.php?rest_route=\/wp\/v2\/pages\/70","targetHints":{"allow":["GET"]}}],"collection":[{"href":"https:\/\/paper-land.it\/index.php?rest_route=\/wp\/v2\/pages"}],"about":[{"href":"https:\/\/paper-land.it\/index.php?rest_route=\/wp\/v2\/types\/page"}],"author":[{"embeddable":true,"href":"https:\/\/paper-land.it\/index.php?rest_route=\/wp\/v2\/users\/1"}],"replies":[{"embeddable":true,"href":"https:\/\/paper-land.it\/index.php?rest_route=%2Fwp%2Fv2%2Fcomments&post=70"}],"version-history":[{"count":15,"href":"https:\/\/paper-land.it\/index.php?rest_route=\/wp\/v2\/pages\/70\/revisions"}],"predecessor-version":[{"id":259,"href":"https:\/\/paper-land.it\/index.php?rest_route=\/wp\/v2\/pages\/70\/revisions\/259"}],"wp:attachment":[{"href":"https:\/\/paper-land.it\/index.php?rest_route=%2Fwp%2Fv2%2Fmedia&parent=70"}],"curies":[{"name":"wp","href":"https:\/\/api.w.org\/{rel}","templated":true}]}}