{"id":7,"date":"2024-11-12T09:30:33","date_gmt":"2024-11-12T08:30:33","guid":{"rendered":"https:\/\/paper-land.it\/?page_id=7"},"modified":"2024-11-13T12:38:35","modified_gmt":"2024-11-13T11:38:35","slug":"chi-siamo","status":"publish","type":"page","link":"https:\/\/paper-land.it\/?page_id=7","title":{"rendered":"L&#8217;Azienda"},"content":{"rendered":"\n<div class=\"wp-block-columns alignfull are-vertically-aligned-center is-layout-flex wp-container-core-columns-is-layout-0111f410 wp-block-columns-is-layout-flex\" style=\"padding-right:var(--wp--preset--spacing--50);padding-left:var(--wp--preset--spacing--50)\">\n<div class=\"wp-block-column is-vertically-aligned-center is-layout-flow wp-block-column-is-layout-flow\">\n<figure class=\"wp-block-image aligncenter size-full wp-duotone-unset-1\"><img loading=\"lazy\" decoding=\"async\" width=\"524\" height=\"51\" src=\"https:\/\/paper-land.it\/wp-content\/uploads\/2024\/11\/LaNostraStoriaFont.png\" alt=\"\" class=\"wp-image-242\" srcset=\"https:\/\/paper-land.it\/wp-content\/uploads\/2024\/11\/LaNostraStoriaFont.png 524w, https:\/\/paper-land.it\/wp-content\/uploads\/2024\/11\/LaNostraStoriaFont-300x29.png 300w\" sizes=\"auto, (max-width: 524px) 100vw, 524px\" \/><\/figure>\n<\/div>\n<\/div>\n\n\n\n<div class=\"wp-block-columns alignfull is-layout-flex wp-container-core-columns-is-layout-28f84493 wp-block-columns-is-layout-flex\">\n<div class=\"wp-block-column is-layout-flow wp-block-column-is-layout-flow\">\n<blockquote class=\"wp-block-quote has-text-align-center is-style-plain is-layout-flow wp-block-quote-is-layout-flow is-style-plain--2\" style=\"font-size:clamp(0.984rem, 0.984rem + ((1vw - 0.2rem) * 0.86), 1.5rem);\">\n<p><em>La Paperland nasce dal sogno della giovane imprenditrice Susi De Vita, ispirata dalla passione del padre,<br>veterano nel mondo della carta, di realizzare un\u2019azienda che fosse il giusto connubio tra esperienza ultradecennale<br>e idee innovative da poterla rendere dinamica nel rispondere alle esigenze del mercato e alle richieste dei clienti.<\/em><br><br><em>La Paperland \u00e8 oggi un\u2019affermata realt\u00e0 nel settore Ho.re.ca, specializzata nella produzione e personalizzazione di prodotti in carta.<br>Ci\u00f2 \u00e8 stato possibile grazie alla collaborazione con fornitori scelti accuratamente per garantire sempre prodotti di qualit\u00e0.<\/em><\/p>\n\n\n\n<div style=\"height:40px\" aria-hidden=\"true\" class=\"wp-block-spacer\"><\/div>\n<\/blockquote>\n<\/div>\n<\/div>\n\n\n\n<figure class=\"wp-block-video alignwide\" style=\"margin-top:0;margin-bottom:0;padding-top:0;padding-right:0;padding-bottom:0;padding-left:0\"><video height=\"1080\" style=\"aspect-ratio: 1920 \/ 1080;\" width=\"1920\" autoplay loop muted poster=\"https:\/\/paper-land.it\/wp-content\/uploads\/2024\/11\/Logo.jpg\" src=\"https:\/\/paper-land.it\/wp-content\/uploads\/2024\/11\/PAPERLAND-BB.mp4\" playsinline><\/video><\/figure>\n\n\n\n<div style=\"height:40px\" aria-hidden=\"true\" class=\"wp-block-spacer\"><\/div>\n\n\n\n<div class=\"wp-block-columns alignfull are-vertically-aligned-center is-layout-flex wp-container-core-columns-is-layout-0111f410 wp-block-columns-is-layout-flex\" style=\"padding-right:var(--wp--preset--spacing--50);padding-left:var(--wp--preset--spacing--50)\">\n<div class=\"wp-block-column is-vertically-aligned-center is-layout-flow wp-block-column-is-layout-flow\">\n<figure class=\"wp-block-image aligncenter size-full wp-duotone-unset-3\"><img loading=\"lazy\" decoding=\"async\" width=\"241\" height=\"41\" src=\"https:\/\/paper-land.it\/wp-content\/uploads\/2024\/11\/GalleriaFont.png\" alt=\"\" class=\"wp-image-244\"\/><\/figure>\n<\/div>\n<\/div>\n\n\n\n<div style=\"height:40px\" aria-hidden=\"true\" class=\"wp-block-spacer\"><\/div>\n\n\n\n<figure class=\"wp-block-gallery alignfull has-nested-images columns-2 is-cropped wp-block-gallery-8 is-layout-flex wp-block-gallery-is-layout-flex\">\n<figure class=\"wp-block-image size-large wp-duotone-unset-4\"><img loading=\"lazy\" decoding=\"async\" width=\"1024\" height=\"683\" data-id=\"59\" src=\"https:\/\/paper-land.it\/wp-content\/uploads\/2024\/11\/6M4A9527-copia-1024x683.jpg\" alt=\"\" class=\"wp-image-59\" srcset=\"https:\/\/paper-land.it\/wp-content\/uploads\/2024\/11\/6M4A9527-copia-1024x683.jpg 1024w, https:\/\/paper-land.it\/wp-content\/uploads\/2024\/11\/6M4A9527-copia-300x200.jpg 300w, https:\/\/paper-land.it\/wp-content\/uploads\/2024\/11\/6M4A9527-copia-768x512.jpg 768w, https:\/\/paper-land.it\/wp-content\/uploads\/2024\/11\/6M4A9527-copia-1536x1024.jpg 1536w, https:\/\/paper-land.it\/wp-content\/uploads\/2024\/11\/6M4A9527-copia-2048x1365.jpg 2048w\" sizes=\"auto, (max-width: 1024px) 100vw, 1024px\" \/><\/figure>\n\n\n\n<figure class=\"wp-block-image size-large wp-duotone-unset-5\"><img loading=\"lazy\" decoding=\"async\" width=\"1024\" height=\"683\" data-id=\"58\" src=\"https:\/\/paper-land.it\/wp-content\/uploads\/2024\/11\/6M4A9519-copia-1024x683.jpg\" alt=\"\" class=\"wp-image-58\" srcset=\"https:\/\/paper-land.it\/wp-content\/uploads\/2024\/11\/6M4A9519-copia-1024x683.jpg 1024w, https:\/\/paper-land.it\/wp-content\/uploads\/2024\/11\/6M4A9519-copia-300x200.jpg 300w, https:\/\/paper-land.it\/wp-content\/uploads\/2024\/11\/6M4A9519-copia-768x512.jpg 768w, https:\/\/paper-land.it\/wp-content\/uploads\/2024\/11\/6M4A9519-copia-1536x1024.jpg 1536w, https:\/\/paper-land.it\/wp-content\/uploads\/2024\/11\/6M4A9519-copia-2048x1365.jpg 2048w\" sizes=\"auto, (max-width: 1024px) 100vw, 1024px\" \/><\/figure>\n\n\n\n<figure class=\"wp-block-image size-large wp-duotone-unset-6\"><img loading=\"lazy\" decoding=\"async\" width=\"1024\" height=\"683\" data-id=\"57\" src=\"https:\/\/paper-land.it\/wp-content\/uploads\/2024\/11\/6M4A9518-copia-1024x683.jpg\" alt=\"\" class=\"wp-image-57\" srcset=\"https:\/\/paper-land.it\/wp-content\/uploads\/2024\/11\/6M4A9518-copia-1024x683.jpg 1024w, https:\/\/paper-land.it\/wp-content\/uploads\/2024\/11\/6M4A9518-copia-300x200.jpg 300w, https:\/\/paper-land.it\/wp-content\/uploads\/2024\/11\/6M4A9518-copia-768x512.jpg 768w, https:\/\/paper-land.it\/wp-content\/uploads\/2024\/11\/6M4A9518-copia-1536x1024.jpg 1536w, https:\/\/paper-land.it\/wp-content\/uploads\/2024\/11\/6M4A9518-copia-2048x1365.jpg 2048w\" sizes=\"auto, (max-width: 1024px) 100vw, 1024px\" \/><\/figure>\n\n\n\n<figure class=\"wp-block-image size-large wp-duotone-unset-7\"><img loading=\"lazy\" decoding=\"async\" width=\"1024\" height=\"683\" data-id=\"37\" src=\"https:\/\/paper-land.it\/wp-content\/uploads\/2024\/11\/6M4A9514-1024x683.jpg\" alt=\"\" class=\"wp-image-37\" srcset=\"https:\/\/paper-land.it\/wp-content\/uploads\/2024\/11\/6M4A9514-1024x683.jpg 1024w, https:\/\/paper-land.it\/wp-content\/uploads\/2024\/11\/6M4A9514-300x200.jpg 300w, https:\/\/paper-land.it\/wp-content\/uploads\/2024\/11\/6M4A9514-768x512.jpg 768w, https:\/\/paper-land.it\/wp-content\/uploads\/2024\/11\/6M4A9514-1536x1024.jpg 1536w, https:\/\/paper-land.it\/wp-content\/uploads\/2024\/11\/6M4A9514-2048x1365.jpg 2048w\" sizes=\"auto, (max-width: 1024px) 100vw, 1024px\" \/><\/figure>\n<\/figure>\n\n\n\n<div style=\"height:69px\" aria-hidden=\"true\" class=\"wp-block-spacer\"><\/div>\n","protected":false},"excerpt":{"rendered":"<p>La Paperland nasce dal sogno della giovane imprenditrice Susi De Vita, ispirata dalla passione del padre,veterano nel mondo della carta, di realizzare un\u2019azienda che fosse il giusto connubio tra esperienza ultradecennalee idee innovative da poterla rendere dinamica nel rispondere alle esigenze del mercato e alle richieste dei clienti. La Paperland \u00e8 oggi un\u2019affermata realt\u00e0 nel [&hellip;]<\/p>\n","protected":false},"author":1,"featured_media":0,"parent":0,"menu_order":0,"comment_status":"closed","ping_status":"closed","template":"","meta":{"footnotes":""},"class_list":["post-7","page","type-page","status-publish","hentry"],"_links":{"self":[{"href":"https:\/\/paper-land.it\/index.php?rest_route=\/wp\/v2\/pages\/7","targetHints":{"allow":["GET"]}}],"collection":[{"href":"https:\/\/paper-land.it\/index.php?rest_route=\/wp\/v2\/pages"}],"about":[{"href":"https:\/\/paper-land.it\/index.php?rest_route=\/wp\/v2\/types\/page"}],"author":[{"embeddable":true,"href":"https:\/\/paper-land.it\/index.php?rest_route=\/wp\/v2\/users\/1"}],"replies":[{"embeddable":true,"href":"https:\/\/paper-land.it\/index.php?rest_route=%2Fwp%2Fv2%2Fcomments&post=7"}],"version-history":[{"count":22,"href":"https:\/\/paper-land.it\/index.php?rest_route=\/wp\/v2\/pages\/7\/revisions"}],"predecessor-version":[{"id":257,"href":"https:\/\/paper-land.it\/index.php?rest_route=\/wp\/v2\/pages\/7\/revisions\/257"}],"wp:attachment":[{"href":"https:\/\/paper-land.it\/index.php?rest_route=%2Fwp%2Fv2%2Fmedia&parent=7"}],"curies":[{"name":"wp","href":"https:\/\/api.w.org\/{rel}","templated":true}]}}