{"id":2,"date":"2024-11-12T08:14:24","date_gmt":"2024-11-12T08:14:24","guid":{"rendered":"https:\/\/paper-land.it\/?page_id=2"},"modified":"2024-11-13T17:11:13","modified_gmt":"2024-11-13T16:11:13","slug":"home","status":"publish","type":"page","link":"https:\/\/paper-land.it\/","title":{"rendered":"Home"},"content":{"rendered":"\n<div class=\"wp-block-columns alignfull are-vertically-aligned-center is-layout-flex wp-container-core-columns-is-layout-28f84493 wp-block-columns-is-layout-flex\">\n<div class=\"wp-block-column is-vertically-aligned-center is-layout-flow wp-block-column-is-layout-flow\">\n<figure class=\"wp-block-image aligncenter size-full wp-duotone-unset-1\"><img loading=\"lazy\" decoding=\"async\" width=\"230\" height=\"62\" src=\"https:\/\/paper-land.it\/wp-content\/uploads\/2024\/11\/HomeFontBlu.png\" alt=\"\" class=\"wp-image-247\"\/><\/figure>\n<\/div>\n<\/div>\n\n\n\n<div style=\"height:100px\" aria-hidden=\"true\" class=\"wp-block-spacer\"><\/div>\n\n\n\n<div class=\"wp-block-columns alignfull are-vertically-aligned-center is-layout-flex wp-container-core-columns-is-layout-0111f410 wp-block-columns-is-layout-flex\" style=\"padding-right:var(--wp--preset--spacing--50);padding-left:var(--wp--preset--spacing--50)\">\n<div class=\"wp-block-column is-vertically-aligned-center is-layout-flow wp-block-column-is-layout-flow\">\n<figure class=\"wp-block-image aligncenter size-full wp-duotone-unset-2\"><img loading=\"lazy\" decoding=\"async\" width=\"534\" height=\"51\" src=\"https:\/\/paper-land.it\/wp-content\/uploads\/2024\/11\/INostriProdottiFont.png\" alt=\"\" class=\"wp-image-234\" srcset=\"https:\/\/paper-land.it\/wp-content\/uploads\/2024\/11\/INostriProdottiFont.png 534w, https:\/\/paper-land.it\/wp-content\/uploads\/2024\/11\/INostriProdottiFont-300x29.png 300w\" sizes=\"auto, (max-width: 534px) 100vw, 534px\" \/><\/figure>\n<\/div>\n<\/div>\n\n\n\n<div class=\"wp-block-columns alignfull is-layout-flex wp-container-core-columns-is-layout-f1061711 wp-block-columns-is-layout-flex\" style=\"border-style:none;border-width:0px;padding-right:var(--wp--preset--spacing--20);padding-left:var(--wp--preset--spacing--20)\">\n<div class=\"wp-block-column is-layout-flow wp-block-column-is-layout-flow\" style=\"border-style:none;border-width:0px\">\n<figure class=\"wp-block-image size-large wp-duotone-unset-3\"><img loading=\"lazy\" decoding=\"async\" width=\"1024\" height=\"683\" src=\"https:\/\/paper-land.it\/wp-content\/uploads\/2024\/11\/10-copia-1024x683.jpg\" alt=\"\" class=\"wp-image-41\" srcset=\"https:\/\/paper-land.it\/wp-content\/uploads\/2024\/11\/10-copia-1024x683.jpg 1024w, https:\/\/paper-land.it\/wp-content\/uploads\/2024\/11\/10-copia-300x200.jpg 300w, https:\/\/paper-land.it\/wp-content\/uploads\/2024\/11\/10-copia-768x512.jpg 768w, https:\/\/paper-land.it\/wp-content\/uploads\/2024\/11\/10-copia-1536x1024.jpg 1536w, https:\/\/paper-land.it\/wp-content\/uploads\/2024\/11\/10-copia-2048x1365.jpg 2048w\" sizes=\"auto, (max-width: 1024px) 100vw, 1024px\" \/><\/figure>\n\n\n\n<div class=\"wp-block-buttons is-content-justification-center is-layout-flex wp-container-core-buttons-is-layout-a89b3969 wp-block-buttons-is-layout-flex\">\n<div class=\"wp-block-button\"><a class=\"wp-block-button__link wp-element-button\" href=\"https:\/\/paper-land.it\/?page_id=14\">Tovaglioli<\/a><\/div>\n<\/div>\n<\/div>\n\n\n\n<div class=\"wp-block-column is-layout-flow wp-block-column-is-layout-flow\">\n<figure class=\"wp-block-image size-large wp-duotone-unset-4\"><img loading=\"lazy\" decoding=\"async\" width=\"1024\" height=\"683\" src=\"https:\/\/paper-land.it\/wp-content\/uploads\/2024\/11\/25-copia-1024x683.jpg\" alt=\"\" class=\"wp-image-54\" srcset=\"https:\/\/paper-land.it\/wp-content\/uploads\/2024\/11\/25-copia-1024x683.jpg 1024w, https:\/\/paper-land.it\/wp-content\/uploads\/2024\/11\/25-copia-300x200.jpg 300w, https:\/\/paper-land.it\/wp-content\/uploads\/2024\/11\/25-copia-768x512.jpg 768w, https:\/\/paper-land.it\/wp-content\/uploads\/2024\/11\/25-copia-1536x1024.jpg 1536w, https:\/\/paper-land.it\/wp-content\/uploads\/2024\/11\/25-copia-2048x1365.jpg 2048w\" sizes=\"auto, (max-width: 1024px) 100vw, 1024px\" \/><\/figure>\n\n\n\n<div class=\"wp-block-buttons is-content-justification-center is-layout-flex wp-container-core-buttons-is-layout-a89b3969 wp-block-buttons-is-layout-flex\">\n<div class=\"wp-block-button\"><a class=\"wp-block-button__link wp-element-button\" href=\"https:\/\/paper-land.it\/?page_id=20\">Portaposate<\/a><\/div>\n<\/div>\n<\/div>\n\n\n\n<div class=\"wp-block-column is-layout-flow wp-block-column-is-layout-flow\">\n<figure class=\"wp-block-image size-large wp-duotone-unset-5\"><img loading=\"lazy\" decoding=\"async\" width=\"1024\" height=\"683\" src=\"https:\/\/paper-land.it\/wp-content\/uploads\/2024\/11\/7-7-copia-1024x683.jpg\" alt=\"\" class=\"wp-image-38\" srcset=\"https:\/\/paper-land.it\/wp-content\/uploads\/2024\/11\/7-7-copia-1024x683.jpg 1024w, https:\/\/paper-land.it\/wp-content\/uploads\/2024\/11\/7-7-copia-300x200.jpg 300w, https:\/\/paper-land.it\/wp-content\/uploads\/2024\/11\/7-7-copia-768x512.jpg 768w, https:\/\/paper-land.it\/wp-content\/uploads\/2024\/11\/7-7-copia-1536x1024.jpg 1536w, https:\/\/paper-land.it\/wp-content\/uploads\/2024\/11\/7-7-copia-2048x1365.jpg 2048w\" sizes=\"auto, (max-width: 1024px) 100vw, 1024px\" \/><\/figure>\n\n\n\n<div class=\"wp-block-buttons is-content-justification-center is-layout-flex wp-container-core-buttons-is-layout-a89b3969 wp-block-buttons-is-layout-flex\">\n<div class=\"wp-block-button\"><a class=\"wp-block-button__link wp-element-button\" href=\"https:\/\/paper-land.it\/?page_id=18\">Bicchieri<\/a><\/div>\n<\/div>\n<\/div>\n\n\n\n<div class=\"wp-block-column is-layout-flow wp-block-column-is-layout-flow\">\n<figure class=\"wp-block-image size-large wp-duotone-unset-6\"><img loading=\"lazy\" decoding=\"async\" width=\"1024\" height=\"683\" src=\"https:\/\/paper-land.it\/wp-content\/uploads\/2024\/11\/15-copia-1024x683.jpg\" alt=\"\" class=\"wp-image-46\" srcset=\"https:\/\/paper-land.it\/wp-content\/uploads\/2024\/11\/15-copia-1024x683.jpg 1024w, https:\/\/paper-land.it\/wp-content\/uploads\/2024\/11\/15-copia-300x200.jpg 300w, https:\/\/paper-land.it\/wp-content\/uploads\/2024\/11\/15-copia-768x512.jpg 768w, https:\/\/paper-land.it\/wp-content\/uploads\/2024\/11\/15-copia-1536x1024.jpg 1536w, https:\/\/paper-land.it\/wp-content\/uploads\/2024\/11\/15-copia-2048x1365.jpg 2048w\" sizes=\"auto, (max-width: 1024px) 100vw, 1024px\" \/><\/figure>\n\n\n\n<div class=\"wp-block-buttons is-content-justification-center is-layout-flex wp-container-core-buttons-is-layout-a89b3969 wp-block-buttons-is-layout-flex\">\n<div class=\"wp-block-button\"><a class=\"wp-block-button__link wp-element-button\" href=\"https:\/\/paper-land.it\/?page_id=16\">Sacchetti<\/a><\/div>\n<\/div>\n<\/div>\n\n\n\n<div class=\"wp-block-column is-layout-flow wp-block-column-is-layout-flow\">\n<figure class=\"wp-block-image size-large wp-duotone-unset-7\"><img loading=\"lazy\" decoding=\"async\" width=\"1024\" height=\"683\" src=\"https:\/\/paper-land.it\/wp-content\/uploads\/2024\/11\/24-copia-1024x683.jpg\" alt=\"\" class=\"wp-image-53\" srcset=\"https:\/\/paper-land.it\/wp-content\/uploads\/2024\/11\/24-copia-1024x683.jpg 1024w, https:\/\/paper-land.it\/wp-content\/uploads\/2024\/11\/24-copia-300x200.jpg 300w, https:\/\/paper-land.it\/wp-content\/uploads\/2024\/11\/24-copia-768x512.jpg 768w, https:\/\/paper-land.it\/wp-content\/uploads\/2024\/11\/24-copia-1536x1024.jpg 1536w, https:\/\/paper-land.it\/wp-content\/uploads\/2024\/11\/24-copia-2048x1365.jpg 2048w\" sizes=\"auto, (max-width: 1024px) 100vw, 1024px\" \/><\/figure>\n\n\n\n<div class=\"wp-block-buttons is-content-justification-center is-layout-flex wp-container-core-buttons-is-layout-a89b3969 wp-block-buttons-is-layout-flex\">\n<div class=\"wp-block-button\"><a class=\"wp-block-button__link wp-element-button\" href=\"https:\/\/paper-land.it\/?page_id=123\">Tovagliette<\/a><\/div>\n<\/div>\n<\/div>\n<\/div>\n\n\n\n<hr class=\"wp-block-separator alignwide has-text-color has-contrast-2-color has-alpha-channel-opacity has-contrast-2-background-color has-background is-style-default\" style=\"margin-top:var(--wp--preset--spacing--50);margin-bottom:var(--wp--preset--spacing--50)\"\/>\n\n\n\n<div class=\"wp-block-columns alignfull are-vertically-aligned-center is-layout-flex wp-container-core-columns-is-layout-0111f410 wp-block-columns-is-layout-flex\" style=\"padding-right:var(--wp--preset--spacing--50);padding-left:var(--wp--preset--spacing--50)\">\n<div class=\"wp-block-column is-vertically-aligned-center is-layout-flow wp-block-column-is-layout-flow\">\n<figure class=\"wp-block-image aligncenter size-full wp-duotone-unset-8\"><img loading=\"lazy\" decoding=\"async\" width=\"287\" height=\"42\" src=\"https:\/\/paper-land.it\/wp-content\/uploads\/2024\/11\/ChiSiamoFont.png\" alt=\"\" class=\"wp-image-248\"\/><\/figure>\n<\/div>\n<\/div>\n\n\n\n<div class=\"wp-block-columns alignfull is-layout-flex wp-container-core-columns-is-layout-28f84493 wp-block-columns-is-layout-flex\">\n<div class=\"wp-block-column is-layout-flow wp-block-column-is-layout-flow\">\n<figure class=\"wp-block-pullquote\" style=\"padding-top:var(--wp--preset--spacing--20);padding-right:var(--wp--preset--spacing--50);padding-bottom:var(--wp--preset--spacing--20);padding-left:var(--wp--preset--spacing--50);font-size:clamp(0.984rem, 0.984rem + ((1vw - 0.2rem) * 0.86), 1.5rem);\"><blockquote><p><em>La Paperland nasce dal sogno della giovane imprenditrice Susi De Vita, ispirata dalla passione del padre,<br>veterano nel mondo della carta, di realizzare un\u2019azienda che fosse il giusto connubio tra esperienza ultradecennale<br>e idee innovative da poterla rendere dinamica nel rispondere alle esigenze del mercato e alle richieste dei clienti.<br><br>La Paperland \u00e8 oggi un\u2019affermata realt\u00e0 nel settore Ho.re.ca, specializzata nella produzione e personalizzazione di prodotti in carta.<br>Ci\u00f2 \u00e8 stato possibile grazie alla collaborazione con fornitori scelti accuratamente per garantire sempre prodotti di qualit\u00e0.<\/em><\/p><cite>Susi De Vita<\/cite><\/blockquote><\/figure>\n\n\n\n<div class=\"wp-block-buttons is-content-justification-center is-layout-flex wp-container-core-buttons-is-layout-a89b3969 wp-block-buttons-is-layout-flex\">\n<div class=\"wp-block-button has-custom-font-size is-style-fill has-medium-font-size\"><a class=\"wp-block-button__link wp-element-button\" href=\"https:\/\/paper-land.it\/?page_id=7\">Scopri di pi\u00f9 su di noi&#8230;<\/a><\/div>\n<\/div>\n<\/div>\n<\/div>\n\n\n\n<hr class=\"wp-block-separator alignwide has-text-color has-contrast-2-color has-alpha-channel-opacity has-contrast-2-background-color has-background is-style-default\" style=\"margin-top:var(--wp--preset--spacing--50);margin-bottom:var(--wp--preset--spacing--50)\"\/>\n\n\n\n<div class=\"wp-block-columns alignfull are-vertically-aligned-center is-layout-flex wp-container-core-columns-is-layout-0111f410 wp-block-columns-is-layout-flex\" style=\"padding-right:var(--wp--preset--spacing--50);padding-left:var(--wp--preset--spacing--50)\">\n<div class=\"wp-block-column is-vertically-aligned-center is-layout-flow wp-block-column-is-layout-flow\">\n<figure class=\"wp-block-image aligncenter size-full wp-duotone-unset-9\"><img loading=\"lazy\" decoding=\"async\" width=\"254\" height=\"51\" src=\"https:\/\/paper-land.it\/wp-content\/uploads\/2024\/11\/ContattiFont.png\" alt=\"\" class=\"wp-image-237\"\/><\/figure>\n<\/div>\n<\/div>\n\n\n\n<div style=\"height:40px\" aria-hidden=\"true\" class=\"wp-block-spacer\"><\/div>\n\n\n\n<div class=\"wp-block-columns alignfull are-vertically-aligned-center is-layout-flex wp-container-core-columns-is-layout-28f84493 wp-block-columns-is-layout-flex\">\n<div class=\"wp-block-column is-vertically-aligned-center is-layout-flow wp-block-column-is-layout-flow\">\n<h3 class=\"wp-block-heading has-text-align-center\"><img loading=\"lazy\" decoding=\"async\" width=\"40\" height=\"40\" class=\"wp-image-129\" style=\"width: 40px;\" src=\"https:\/\/paper-land.it\/wp-content\/uploads\/2024\/11\/mail_100px.png\" alt=\"\"><br>E-Mail<\/h3>\n\n\n\n<p class=\"has-text-align-center\"><a href=\"mailto:info@paper-land.it\">info@paper-land.it<\/a><\/p>\n<\/div>\n\n\n\n<div class=\"wp-block-column is-vertically-aligned-center is-layout-flow wp-block-column-is-layout-flow\">\n<h3 class=\"wp-block-heading has-text-align-center\"><img loading=\"lazy\" decoding=\"async\" width=\"40\" height=\"40\" class=\"wp-image-130\" style=\"width: 40px;\" src=\"https:\/\/paper-land.it\/wp-content\/uploads\/2024\/11\/phone_100px.png\" alt=\"\"><br>Telefono<\/h3>\n\n\n\n<p class=\"has-text-align-center\">(+39) 081 015 45 71<\/p>\n<\/div>\n\n\n\n<div class=\"wp-block-column is-vertically-aligned-center is-layout-flow wp-block-column-is-layout-flow\">\n<h3 class=\"wp-block-heading has-text-align-center\"><img loading=\"lazy\" decoding=\"async\" width=\"42\" height=\"42\" class=\"wp-image-128\" style=\"width: 42px;\" src=\"https:\/\/paper-land.it\/wp-content\/uploads\/2024\/11\/whatsapp_96px.png\" alt=\"\"><br>WhatsApp<\/h3>\n\n\n\n<p class=\"has-text-align-center\">(+39) 331 437 26 69<\/p>\n<\/div>\n<\/div>\n\n\n\n<hr class=\"wp-block-separator alignwide has-text-color has-contrast-2-color has-alpha-channel-opacity has-contrast-2-background-color has-background is-style-default\" style=\"margin-top:var(--wp--preset--spacing--50);margin-bottom:var(--wp--preset--spacing--50)\"\/>\n\n\n\n<div class=\"wp-block-columns alignfull are-vertically-aligned-center is-layout-flex wp-container-core-columns-is-layout-0111f410 wp-block-columns-is-layout-flex\" style=\"padding-right:var(--wp--preset--spacing--50);padding-left:var(--wp--preset--spacing--50)\">\n<div class=\"wp-block-column is-vertically-aligned-center is-layout-flow wp-block-column-is-layout-flow\">\n<figure class=\"wp-block-image aligncenter size-full wp-duotone-unset-10\"><img loading=\"lazy\" decoding=\"async\" width=\"459\" height=\"51\" src=\"https:\/\/paper-land.it\/wp-content\/uploads\/2024\/11\/NewsEdEventiFont.png\" alt=\"\" class=\"wp-image-240\" srcset=\"https:\/\/paper-land.it\/wp-content\/uploads\/2024\/11\/NewsEdEventiFont.png 459w, https:\/\/paper-land.it\/wp-content\/uploads\/2024\/11\/NewsEdEventiFont-300x33.png 300w\" sizes=\"auto, (max-width: 459px) 100vw, 459px\" \/><\/figure>\n<\/div>\n<\/div>\n\n\n\n<div class=\"wp-block-columns alignfull are-vertically-aligned-center is-layout-flex wp-container-core-columns-is-layout-f1061711 wp-block-columns-is-layout-flex\" style=\"padding-right:var(--wp--preset--spacing--20);padding-left:var(--wp--preset--spacing--20)\">\n<div class=\"wp-block-column is-vertically-aligned-center is-layout-flow wp-block-column-is-layout-flow\">\n<div class=\"wp-block-query alignwide is-layout-flow wp-block-query-is-layout-flow\"><ul class=\"columns-3 wp-block-post-template is-layout-grid wp-container-core-post-template-is-layout-d8e92c25 wp-block-post-template-is-layout-grid\"><li class=\"wp-block-post post-136 post type-post status-publish format-standard has-post-thumbnail hentry category-eventi\">\n\n<div class=\"wp-block-group is-layout-flow wp-block-group-is-layout-flow\" style=\"padding-top:30px;padding-right:30px;padding-bottom:30px;padding-left:30px\"><h2 class=\"wp-block-post-title\"><a href=\"https:\/\/paper-land.it\/?p=136\" target=\"_self\" >GUSTUS 2024 \u2013 10\u00aa Edizione<\/a><\/h2>\n\n<div class=\"wp-block-post-excerpt\"><p class=\"wp-block-post-excerpt__excerpt\">GUSTUS 2024 \u2013 10^ edizione <\/p><\/div>\n\n<div class=\"wp-block-post-date\"><time datetime=\"2024-11-12T13:36:19+01:00\">Novembre 12, 2024<\/time><\/div><\/div>\n\n<\/li><\/ul><\/div>\n<\/div>\n<\/div>\n\n\n\n<hr class=\"wp-block-separator alignwide has-text-color has-contrast-2-color has-alpha-channel-opacity has-contrast-2-background-color has-background is-style-wide\" style=\"margin-top:var(--wp--preset--spacing--50);margin-bottom:var(--wp--preset--spacing--50)\"\/>\n\n\n\n<div class=\"wp-block-columns alignfull are-vertically-aligned-center is-layout-flex wp-container-core-columns-is-layout-0111f410 wp-block-columns-is-layout-flex\" style=\"padding-right:var(--wp--preset--spacing--50);padding-left:var(--wp--preset--spacing--50)\">\n<div class=\"wp-block-column is-vertically-aligned-center is-layout-flow wp-block-column-is-layout-flow\">\n<figure class=\"wp-block-image aligncenter size-full wp-duotone-unset-11\"><img loading=\"lazy\" decoding=\"async\" width=\"473\" height=\"44\" src=\"https:\/\/paper-land.it\/wp-content\/uploads\/2024\/11\/InviaciUnaMailFont.png\" alt=\"\" class=\"wp-image-238\" srcset=\"https:\/\/paper-land.it\/wp-content\/uploads\/2024\/11\/InviaciUnaMailFont.png 473w, https:\/\/paper-land.it\/wp-content\/uploads\/2024\/11\/InviaciUnaMailFont-300x28.png 300w\" sizes=\"auto, (max-width: 473px) 100vw, 473px\" \/><\/figure>\n<\/div>\n<\/div>\n\n\n\n<div class=\"wp-block-columns alignfull are-vertically-aligned-center is-layout-flex wp-container-core-columns-is-layout-28f84493 wp-block-columns-is-layout-flex\">\n<div class=\"wp-block-column is-vertically-aligned-center is-layout-flow wp-block-column-is-layout-flow\" style=\"padding-right:var(--wp--preset--spacing--30);padding-left:var(--wp--preset--spacing--30)\"><div class=\"wpforms-container wpforms-container-full wpforms-block wpforms-block-dd5db548-8855-4509-a6bd-e26b6f40af4a wpforms-render-modern\" id=\"wpforms-160\"><form id=\"wpforms-form-160\" class=\"wpforms-validate wpforms-form wpforms-ajax-form\" data-formid=\"160\" method=\"post\" enctype=\"multipart\/form-data\" action=\"\/index.php?rest_route=%2Fwp%2Fv2%2Fpages%2F2\" data-token=\"dfa050b6decf2348b3661b0342197b2f\" data-token-time=\"1778064923\"><noscript class=\"wpforms-error-noscript\">Abilita JavaScript nel browser per completare questo modulo.<\/noscript><div id=\"wpforms-error-noscript\" style=\"display: none;\">Abilita JavaScript nel browser per completare questo modulo.<\/div><div class=\"wpforms-field-container\"><div id=\"wpforms-160-field_1-container\" class=\"wpforms-field wpforms-field-name\" data-field-id=\"1\"><fieldset><legend class=\"wpforms-field-label\">Nome <span class=\"wpforms-required-label\" aria-hidden=\"true\">*<\/span><\/legend><div class=\"wpforms-field-row wpforms-field-medium\"><div class=\"wpforms-field-row-block wpforms-first wpforms-one-half\"><input type=\"text\" id=\"wpforms-160-field_1\" class=\"wpforms-field-name-first wpforms-field-required\" name=\"wpforms[fields][1][first]\" aria-errormessage=\"wpforms-160-field_1-error\" required><label for=\"wpforms-160-field_1\" class=\"wpforms-field-sublabel after\">Nome<\/label><\/div><div class=\"wpforms-field-row-block wpforms-one-half\"><input type=\"text\" id=\"wpforms-160-field_1-last\" class=\"wpforms-field-name-last wpforms-field-required\" name=\"wpforms[fields][1][last]\" aria-errormessage=\"wpforms-160-field_1-last-error\" required><label for=\"wpforms-160-field_1-last\" class=\"wpforms-field-sublabel after\">Cognome<\/label><\/div><\/div><\/fieldset><\/div>\t\t<div id=\"wpforms-160-field_4-container\"\n\t\t\tclass=\"wpforms-field wpforms-field-text\"\n\t\t\tdata-field-type=\"text\"\n\t\t\tdata-field-id=\"4\"\n\t\t\t>\n\t\t\t<label class=\"wpforms-field-label\" for=\"wpforms-160-field_4\" >Commento Nome Email<\/label>\n\t\t\t<input type=\"text\" id=\"wpforms-160-field_4\" class=\"wpforms-field-medium\" name=\"wpforms[fields][4]\" >\n\t\t<\/div>\n\t\t<div id=\"wpforms-160-field_2-container\" class=\"wpforms-field wpforms-field-email\" data-field-id=\"2\"><label class=\"wpforms-field-label\" for=\"wpforms-160-field_2\">Email <span class=\"wpforms-required-label\" aria-hidden=\"true\">*<\/span><\/label><input type=\"email\" id=\"wpforms-160-field_2\" class=\"wpforms-field-medium wpforms-field-required\" name=\"wpforms[fields][2]\" spellcheck=\"false\" aria-errormessage=\"wpforms-160-field_2-error\" required><\/div><div id=\"wpforms-160-field_3-container\" class=\"wpforms-field wpforms-field-textarea\" data-field-id=\"3\"><label class=\"wpforms-field-label\" for=\"wpforms-160-field_3\">Commento o messaggio<\/label><textarea id=\"wpforms-160-field_3\" class=\"wpforms-field-medium\" name=\"wpforms[fields][3]\" aria-errormessage=\"wpforms-160-field_3-error\" ><\/textarea><\/div><script>\n\t\t\t\t( function() {\n\t\t\t\t\tconst style = document.createElement( 'style' );\n\t\t\t\t\tstyle.appendChild( document.createTextNode( '#wpforms-160-field_4-container { position: absolute !important; overflow: hidden !important; display: inline !important; height: 1px !important; width: 1px !important; z-index: -1000 !important; padding: 0 !important; } #wpforms-160-field_4-container input { visibility: hidden; } #wpforms-conversational-form-page #wpforms-160-field_4-container label { counter-increment: none; }' ) );\n\t\t\t\t\tdocument.head.appendChild( style );\n\t\t\t\t\tdocument.currentScript?.remove();\n\t\t\t\t} )();\n\t\t\t<\/script><\/div><!-- .wpforms-field-container --><div class=\"wpforms-submit-container\" ><input type=\"hidden\" name=\"wpforms[id]\" value=\"160\"><input type=\"hidden\" name=\"page_title\" value=\"\"><input type=\"hidden\" name=\"page_url\" value=\"https:\/\/paper-land.it\/index.php?rest_route=\/wp\/v2\/pages\/2\"><input type=\"hidden\" name=\"url_referer\" value=\"\"><button type=\"submit\" name=\"wpforms[submit]\" id=\"wpforms-submit-160\" class=\"wpforms-submit\" data-alt-text=\"Invio in corso...\" data-submit-text=\"Invia\" aria-live=\"assertive\" value=\"wpforms-submit\">Invia<\/button><img loading=\"lazy\" decoding=\"async\" src=\"https:\/\/paper-land.it\/wp-content\/plugins\/wpforms-lite\/assets\/images\/submit-spin.svg\" class=\"wpforms-submit-spinner\" style=\"display: none;\" width=\"26\" height=\"26\" alt=\"Caricamento\"><\/div><\/form><\/div>  <!-- .wpforms-container --><\/div>\n<\/div>\n","protected":false},"excerpt":{"rendered":"<p>La Paperland nasce dal sogno della giovane imprenditrice Susi De Vita, ispirata dalla passione del padre,veterano nel mondo della carta, di realizzare un\u2019azienda che fosse il giusto connubio tra esperienza ultradecennalee idee innovative da poterla rendere dinamica nel rispondere alle esigenze del mercato e alle richieste dei clienti. La Paperland \u00e8 oggi un\u2019affermata realt\u00e0 nel [&hellip;]<\/p>\n","protected":false},"author":1,"featured_media":0,"parent":0,"menu_order":0,"comment_status":"closed","ping_status":"closed","template":"","meta":{"footnotes":""},"class_list":["post-2","page","type-page","status-publish","hentry"],"_links":{"self":[{"href":"https:\/\/paper-land.it\/index.php?rest_route=\/wp\/v2\/pages\/2","targetHints":{"allow":["GET"]}}],"collection":[{"href":"https:\/\/paper-land.it\/index.php?rest_route=\/wp\/v2\/pages"}],"about":[{"href":"https:\/\/paper-land.it\/index.php?rest_route=\/wp\/v2\/types\/page"}],"author":[{"embeddable":true,"href":"https:\/\/paper-land.it\/index.php?rest_route=\/wp\/v2\/users\/1"}],"replies":[{"embeddable":true,"href":"https:\/\/paper-land.it\/index.php?rest_route=%2Fwp%2Fv2%2Fcomments&post=2"}],"version-history":[{"count":39,"href":"https:\/\/paper-land.it\/index.php?rest_route=\/wp\/v2\/pages\/2\/revisions"}],"predecessor-version":[{"id":281,"href":"https:\/\/paper-land.it\/index.php?rest_route=\/wp\/v2\/pages\/2\/revisions\/281"}],"wp:attachment":[{"href":"https:\/\/paper-land.it\/index.php?rest_route=%2Fwp%2Fv2%2Fmedia&parent=2"}],"curies":[{"name":"wp","href":"https:\/\/api.w.org\/{rel}","templated":true}]}}